{"id":890,"date":"2018-08-31T16:58:15","date_gmt":"2018-08-31T19:58:15","guid":{"rendered":"https:\/\/ensalberdi-tuc.infd.edu.ar\/sitio\/profesorado-de-portugues\/"},"modified":"2018-12-20T14:42:00","modified_gmt":"2018-12-20T17:42:00","slug":"profesorado-de-portugues","status":"publish","type":"page","link":"https:\/\/ensalberdi-tuc.infd.edu.ar\/sitio\/profesorado-de-portugues\/","title":{"rendered":"Profesorado de Portugu\u00e9s &#8211; T\u00edtulos Oficiales con Validez Nacional"},"content":{"rendered":"<p style=\"text-align: justify;\"><span style=\"font-family: verdana, geneva; font-size: 10pt;\">El Rectorado de la Escuela Normal Superior en \u201cLenguas Vivas\u201d Juan Bautista Alberdi se complace en informar a la comunidad que desde el a\u00f1o 2014 por decisi\u00f3n del MINISTERIO de EDUCACI\u00d3N de la PROVINCIA, a trav\u00e9s de la\u00a0<strong>Direcci\u00f3n de Educaci\u00f3n Superior<\/strong>\u00a0se dicta en la instituci\u00f3n el\u00a0<strong>Profesorado de Portugu\u00e9s.<\/strong><\/span><\/p>\n<p style=\"text-align: justify;\"><span style=\"font-family: verdana, geneva; font-size: 10pt;\">El Profesorado est\u00e1 aprobado por el Ministerio de Educaci\u00f3n de la Naci\u00f3n y del Instituto Nacional de Formaci\u00f3n Docente. INFD. <span style=\"font-family: verdana, geneva; font-size: 10pt;\"><strong>\u00a0<\/strong>Habilitada para desempe\u00f1arse como docente de Lengua y Cultura portuguesa en los niveles primario y secundario de escolaridad.<\/span><br \/>\n<\/span><\/p>\n<p style=\"text-align: justify;\"><span style=\"font-family: verdana, geneva; font-size: 10pt;\">Pueden inscribirse todas aquellas personas que acrediten t\u00edtulo de estudios secundarios; los conocimientos previos del idioma portugu\u00e9s no ser\u00e1n requisito indispensable.<\/span><\/p>\n<p>&nbsp;<\/p>\n<div  class=\"lgc-column lgc-grid-parent lgc-grid-50 lgc-tablet-grid-50 lgc-mobile-grid-100 lgc-equal-heights \"><div  class=\"inside-grid-column\">\n<p><strong><span style=\"color: #0000ff;\">DURACI\u00d3N: 4 A\u00d1OS<\/span><\/strong><\/p>\n<p><strong><span style=\"color: #0000ff;\">HORARIO DE CURSADA: 18:30 A 23:30 HS.<\/span><\/strong><\/p>\n<p><\/p><\/div><\/div>\n<div  class=\"lgc-column lgc-grid-parent lgc-grid-50 lgc-tablet-grid-50 lgc-mobile-grid-100 lgc-equal-heights \"><div  class=\"inside-grid-column\">\n<p>Para conocer el <strong>Plan de Estudio de la Carrera<\/strong> HACER CLICK en el siguiente archivo adjunto:<\/p>\n<p><strong style=\"font-size: 12pt;\"><\/strong><strong><a title=\"Plan Estudio - Portugu\u00e9s\" href=\"upload\/PlanEstudio-Portugues.pdf\" target=\"_blank\" rel=\"noopener\">Plan de Estudio de la Carrera<\/a><\/strong><\/p>\n<p>&nbsp;<\/p>\n<p><\/p><\/div><\/div><div class=\"lgc-clear\"><\/div>\n<p>&nbsp;<\/p>\n<p>&nbsp;<\/p>\n","protected":false},"excerpt":{"rendered":"<p>El Rectorado de la Escuela Normal Superior en \u201cLenguas Vivas\u201d Juan Bautista Alberdi se complace en informar a la comunidad que desde el a\u00f1o 2014 por decisi\u00f3n del MINISTERIO de EDUCACI\u00d3N de la PROVINCIA, a trav\u00e9s de la\u00a0Direcci\u00f3n de Educaci\u00f3n Superior\u00a0se dicta en la instituci\u00f3n el\u00a0Profesorado de Portugu\u00e9s. El Profesorado est\u00e1 aprobado por el Ministerio &#8230; <a title=\"Profesorado de Portugu\u00e9s &#8211; T\u00edtulos Oficiales con Validez Nacional\" class=\"read-more\" href=\"https:\/\/ensalberdi-tuc.infd.edu.ar\/sitio\/profesorado-de-portugues\/\" aria-label=\"More on Profesorado de Portugu\u00e9s &#8211; T\u00edtulos Oficiales con Validez Nacional\">[+]<\/a><\/p>\n","protected":false},"author":55,"featured_media":1492,"parent":0,"menu_order":0,"comment_status":"closed","ping_status":"closed","template":"","meta":[],"acf":[],"_links":{"self":[{"href":"https:\/\/ensalberdi-tuc.infd.edu.ar\/sitio\/wp-json\/wp\/v2\/pages\/890"}],"collection":[{"href":"https:\/\/ensalberdi-tuc.infd.edu.ar\/sitio\/wp-json\/wp\/v2\/pages"}],"about":[{"href":"https:\/\/ensalberdi-tuc.infd.edu.ar\/sitio\/wp-json\/wp\/v2\/types\/page"}],"author":[{"embeddable":true,"href":"https:\/\/ensalberdi-tuc.infd.edu.ar\/sitio\/wp-json\/wp\/v2\/users\/55"}],"replies":[{"embeddable":true,"href":"https:\/\/ensalberdi-tuc.infd.edu.ar\/sitio\/wp-json\/wp\/v2\/comments?post=890"}],"version-history":[{"count":3,"href":"https:\/\/ensalberdi-tuc.infd.edu.ar\/sitio\/wp-json\/wp\/v2\/pages\/890\/revisions"}],"predecessor-version":[{"id":1643,"href":"https:\/\/ensalberdi-tuc.infd.edu.ar\/sitio\/wp-json\/wp\/v2\/pages\/890\/revisions\/1643"}],"wp:featuredmedia":[{"embeddable":true,"href":"https:\/\/ensalberdi-tuc.infd.edu.ar\/sitio\/wp-json\/wp\/v2\/media\/1492"}],"wp:attachment":[{"href":"https:\/\/ensalberdi-tuc.infd.edu.ar\/sitio\/wp-json\/wp\/v2\/media?parent=890"}],"curies":[{"name":"wp","href":"https:\/\/api.w.org\/{rel}","templated":true}]}}