{"id":880,"date":"2018-08-31T16:58:12","date_gmt":"2018-08-31T19:58:12","guid":{"rendered":"https:\/\/ensalberdi-tuc.infd.edu.ar\/sitio\/profesorado-de-educacion-primaria\/"},"modified":"2018-12-20T14:40:41","modified_gmt":"2018-12-20T17:40:41","slug":"profesorado-de-educacion-primaria","status":"publish","type":"page","link":"https:\/\/ensalberdi-tuc.infd.edu.ar\/sitio\/profesorado-de-educacion-primaria\/","title":{"rendered":"Profesorado de Educaci\u00f3n Primaria &#8211; T\u00edtulos Oficiales con Validez Nacional"},"content":{"rendered":"<p style=\"text-align: justify;\"><span style=\"font-size: 10pt; font-family: verdana, geneva;\">El Profesorado de Ense\u00f1anza Primaria tiene como principal\u00a0objetivo formar docentes\u00a0<\/span><span style=\"font-size: 10pt; font-family: verdana, geneva;\">competentes en el Nivel Primario, con s\u00f3lidos conocimientos pedag\u00f3gicos,\u00a0atentos a los cambios y transformaciones propios de nuestra\u00a0tarea cotidiana y comprometidos con la realidad sociocultural de nuestro pa\u00eds, con un perfil abierto a las necesidades de los otros en el mundo que nos toca transitar.<\/span><\/p>\n<p style=\"text-align: justify;\"><span style=\"font-size: 10pt; font-family: verdana, geneva;\">Nos preocupa una formaci\u00f3n integral e integrada que se cristaliza a partir de dos ejes vertebradores:\u00a0<\/span><\/p>\n<ul style=\"text-align: justify;\">\n<li><span style=\"font-size: 10pt; font-family: verdana, geneva;\">La formaci\u00f3n pedag\u00f3gica que involucra la preparaci\u00f3n en la actividad de la ense\u00f1anza a trav\u00e9s del abordaje de las diferentes metodolog\u00edas que conforman el quehacer \u00e1ulico.<\/span><\/li>\n<li><span style=\"font-size: 10pt; font-family: verdana, geneva;\">La formaci\u00f3n en Ense\u00f1anza Primaria a partir de la cual se\u00a0busca insertar al alumno en el mundo de la literatura y el lenguaje en permanente contacto con otras disciplinas de las Ciencias Sociales y Humanas , as\u00ed como Ciencias Naturales y Las de Expresi\u00f3n Corporal.<\/span><\/li>\n<\/ul>\n<p style=\"text-align: justify;\"><span style=\"font-size: 10pt; font-family: verdana, geneva;\">En nuestro escenario de acci\u00f3n cada uno de nuestros alumnos son los protagonistas de este trabajo en equipo que llevamos a cabo junto con los\u00a0docentes, y en el cual tenemos como meta en com\u00fan la adquisici\u00f3n de las competencias necesarias para desarrollar con responsabilidad y eficiencia nuestra tarea.<\/span><\/p>\n<p style=\"text-align: justify;\"><span style=\"font-size: 10pt; font-family: verdana, geneva;\">Por esta finalidad es que construimos espacios de participaci\u00f3n en los que desarrollamos Proyectos Interdisciplinarios\u00a0con otras \u00c1reas y Carreras, Proyectos Comunitarios que permitan a nuestros estudiantes conocer y trabajar en\u00a0 instituciones con distintas realidades socioecon\u00f3micas brindando lo que saben hacer al servicio del que m\u00e1s lo necesita.<\/span><\/p>\n<p style=\"text-align: justify;\"><div  class=\"lgc-column lgc-grid-parent lgc-grid-50 lgc-tablet-grid-50 lgc-mobile-grid-100 lgc-equal-heights \"><div  class=\"inside-grid-column\">\n<p><span style=\"color: #0000ff;\"><strong>Tu t\u00edtulo en 4 a\u00f1os<\/strong><\/span><\/p>\n<p><strong><span style=\"color: #0000ff;\">HORARIO DE CURSADA: 18:30 A 23:30 HS.<\/span><\/strong><\/p>\n<p><\/p><\/div><\/div>\n<div  class=\"lgc-column lgc-grid-parent lgc-grid-50 lgc-tablet-grid-50 lgc-mobile-grid-100 lgc-equal-heights \"><div  class=\"inside-grid-column\">\n<p>Para conocer el <strong>Plan de Estudio de la Carrera<\/strong> HACER CLICK en el siguiente archivo adjunto:<\/p>\n<p><a href=\"https:\/\/ensalberdi-tuc.infd.edu.ar\/sitio\/wp-content\/uploads\/sitio\/PlanEstudio-Primaria.pdf\">Plan de Estudio de la Carrera<\/a><\/p>\n<p><\/p><\/div><\/div><div class=\"lgc-clear\"><\/div>\n","protected":false},"excerpt":{"rendered":"<p>El Profesorado de Ense\u00f1anza Primaria tiene como principal\u00a0objetivo formar docentes\u00a0competentes en el Nivel Primario, con s\u00f3lidos conocimientos pedag\u00f3gicos,\u00a0atentos a los cambios y transformaciones propios de nuestra\u00a0tarea cotidiana y comprometidos con la realidad sociocultural de nuestro pa\u00eds, con un perfil abierto a las necesidades de los otros en el mundo que nos toca transitar. Nos preocupa &#8230; <a title=\"Profesorado de Educaci\u00f3n Primaria &#8211; T\u00edtulos Oficiales con Validez Nacional\" class=\"read-more\" href=\"https:\/\/ensalberdi-tuc.infd.edu.ar\/sitio\/profesorado-de-educacion-primaria\/\" aria-label=\"More on Profesorado de Educaci\u00f3n Primaria &#8211; T\u00edtulos Oficiales con Validez Nacional\">[+]<\/a><\/p>\n","protected":false},"author":55,"featured_media":386,"parent":0,"menu_order":0,"comment_status":"closed","ping_status":"closed","template":"","meta":[],"acf":[],"_links":{"self":[{"href":"https:\/\/ensalberdi-tuc.infd.edu.ar\/sitio\/wp-json\/wp\/v2\/pages\/880"}],"collection":[{"href":"https:\/\/ensalberdi-tuc.infd.edu.ar\/sitio\/wp-json\/wp\/v2\/pages"}],"about":[{"href":"https:\/\/ensalberdi-tuc.infd.edu.ar\/sitio\/wp-json\/wp\/v2\/types\/page"}],"author":[{"embeddable":true,"href":"https:\/\/ensalberdi-tuc.infd.edu.ar\/sitio\/wp-json\/wp\/v2\/users\/55"}],"replies":[{"embeddable":true,"href":"https:\/\/ensalberdi-tuc.infd.edu.ar\/sitio\/wp-json\/wp\/v2\/comments?post=880"}],"version-history":[{"count":6,"href":"https:\/\/ensalberdi-tuc.infd.edu.ar\/sitio\/wp-json\/wp\/v2\/pages\/880\/revisions"}],"predecessor-version":[{"id":1468,"href":"https:\/\/ensalberdi-tuc.infd.edu.ar\/sitio\/wp-json\/wp\/v2\/pages\/880\/revisions\/1468"}],"wp:featuredmedia":[{"embeddable":true,"href":"https:\/\/ensalberdi-tuc.infd.edu.ar\/sitio\/wp-json\/wp\/v2\/media\/386"}],"wp:attachment":[{"href":"https:\/\/ensalberdi-tuc.infd.edu.ar\/sitio\/wp-json\/wp\/v2\/media?parent=880"}],"curies":[{"name":"wp","href":"https:\/\/api.w.org\/{rel}","templated":true}]}}