{"id":878,"date":"2018-08-31T16:58:12","date_gmt":"2018-08-31T19:58:12","guid":{"rendered":"https:\/\/ensalberdi-tuc.infd.edu.ar\/sitio\/profesorado-de-educacion-inicial\/"},"modified":"2018-12-20T14:45:57","modified_gmt":"2018-12-20T17:45:57","slug":"profesorado-de-educacion-inicial","status":"publish","type":"page","link":"https:\/\/ensalberdi-tuc.infd.edu.ar\/sitio\/profesorado-de-educacion-inicial\/","title":{"rendered":"Profesorado de Educaci\u00f3n Inicial &#8211; T\u00edtulos Oficiales con Validez Nacional"},"content":{"rendered":"<p><span style=\"font-family: verdana, geneva; font-size: 12pt;\">Los primeros a\u00f1os de vida del ser humano son fundamentales para el desarrollo futuro de las habilidades requeridas,es por eso que la etapa infantil debe ser estimulada en todos los sentidos, creando o generando aprendizajes que en la vida futura ser\u00e1n b\u00e1sicos para el aprendizaje.<\/span><\/p>\n<p style=\"text-align: justify;\"><span style=\"font-family: verdana, geneva; font-size: 12pt;\">La Educaci\u00f3n Inicial es la educaci\u00f3n que el ni\u00f1o recibe en sus primeros a\u00f1os de vida (0-6), \u00e9sta es una etapa muy importante en el desarrollo del ni\u00f1o, ya que se le puede despertar sus habilidades f\u00edsicas y\/o psicol\u00f3gicas, su creatividad, se le puede ense\u00f1ar a ser aut\u00f3nomo y aut\u00e9ntico; que mas adelante le pueden servir para abrirse mundo por s\u00ed solo. para ello se han puesto en marcha distintos programas que apoyen en los aprendizajes de los ni\u00f1os, tomando teor\u00edas pedag\u00f3gicas: Jean Piaget, VigotsKi, Freud, Froebel, Montesorri. entre otros la Educaci\u00f3n Inicial es un derecho de los ni\u00f1os; se puede ver como una oportunidad de los padres de familia para mejorar y\/o enriquecer sus pr\u00e1cticas de crianza y lograr una crianza de calidad, sin olvidar tambi\u00e9n el compromiso del personal docente y de apoyo para cumplir con los prop\u00f3sitos que se hayan planeado.<\/span><\/p>\n<p style=\"text-align: justify;\"><span style=\"font-family: verdana, geneva; font-size: 12pt;\">Con la educaci\u00f3n inicial se pretende garantizar un desarrollo arm\u00f3nico del ni\u00f1o, para ello se cuenta con un programa pedag\u00f3gico y su operaci\u00f3n compete a todos los adultos que se relacionan y ejercen una influencia en los menores, pueden ser sus familiares o personal especializado en educaci\u00f3n<\/span><\/p>\n<p>&nbsp;<\/p>\n<hr \/>\n<p><span style=\"font-family: verdana, geneva; font-size: 12pt;\">\u00a0<\/span><div  class=\"lgc-column lgc-grid-parent lgc-grid-50 lgc-tablet-grid-50 lgc-mobile-grid-100 lgc-equal-heights \"><div  class=\"inside-grid-column\">\n<h4><span style=\"color: #0000ff;\"><strong>Tu t\u00edtulo en 4 a\u00f1os<\/strong><\/span><\/h4>\n<p><span style=\"color: #0000ff;\"><strong>HORARIO DE CURSADA: 18:30 A 23:30 HS.<\/strong><\/span><\/p>\n<p><\/p><\/div><\/div>\n<div  class=\"lgc-column lgc-grid-parent lgc-grid-50 lgc-tablet-grid-50 lgc-mobile-grid-100 lgc-equal-heights \"><div  class=\"inside-grid-column\">\n<p>Para conocer el <strong>Plan de Estudio de la Carrera<\/strong> HACER CLICK en el siguiente archivo adjunto:<\/p>\n<h6 style=\"text-align: center;\"><span style=\"color: #0000ff;\"><a style=\"color: #0000ff;\" href=\"https:\/\/ensalberdi-tuc.infd.edu.ar\/sitio\/wp-content\/uploads\/sitio\/PlanEstudio-Inicial.pdf\">PLAN DE ESTUDIO DE LA CARRERA<\/a><\/span><\/h6>\n<p><\/p><\/div><\/div><div class=\"lgc-clear\"><\/div>\n<p>&nbsp;<\/p>\n","protected":false},"excerpt":{"rendered":"<p>Los primeros a\u00f1os de vida del ser humano son fundamentales para el desarrollo futuro de las habilidades requeridas,es por eso que la etapa infantil debe ser estimulada en todos los sentidos, creando o generando aprendizajes que en la vida futura ser\u00e1n b\u00e1sicos para el aprendizaje. La Educaci\u00f3n Inicial es la educaci\u00f3n que el ni\u00f1o recibe &#8230; <a title=\"Profesorado de Educaci\u00f3n Inicial &#8211; T\u00edtulos Oficiales con Validez Nacional\" class=\"read-more\" href=\"https:\/\/ensalberdi-tuc.infd.edu.ar\/sitio\/profesorado-de-educacion-inicial\/\" aria-label=\"More on Profesorado de Educaci\u00f3n Inicial &#8211; T\u00edtulos Oficiales con Validez Nacional\">[+]<\/a><\/p>\n","protected":false},"author":55,"featured_media":1471,"parent":0,"menu_order":0,"comment_status":"closed","ping_status":"closed","template":"","meta":[],"acf":[],"_links":{"self":[{"href":"https:\/\/ensalberdi-tuc.infd.edu.ar\/sitio\/wp-json\/wp\/v2\/pages\/878"}],"collection":[{"href":"https:\/\/ensalberdi-tuc.infd.edu.ar\/sitio\/wp-json\/wp\/v2\/pages"}],"about":[{"href":"https:\/\/ensalberdi-tuc.infd.edu.ar\/sitio\/wp-json\/wp\/v2\/types\/page"}],"author":[{"embeddable":true,"href":"https:\/\/ensalberdi-tuc.infd.edu.ar\/sitio\/wp-json\/wp\/v2\/users\/55"}],"replies":[{"embeddable":true,"href":"https:\/\/ensalberdi-tuc.infd.edu.ar\/sitio\/wp-json\/wp\/v2\/comments?post=878"}],"version-history":[{"count":10,"href":"https:\/\/ensalberdi-tuc.infd.edu.ar\/sitio\/wp-json\/wp\/v2\/pages\/878\/revisions"}],"predecessor-version":[{"id":1647,"href":"https:\/\/ensalberdi-tuc.infd.edu.ar\/sitio\/wp-json\/wp\/v2\/pages\/878\/revisions\/1647"}],"wp:featuredmedia":[{"embeddable":true,"href":"https:\/\/ensalberdi-tuc.infd.edu.ar\/sitio\/wp-json\/wp\/v2\/media\/1471"}],"wp:attachment":[{"href":"https:\/\/ensalberdi-tuc.infd.edu.ar\/sitio\/wp-json\/wp\/v2\/media?parent=878"}],"curies":[{"name":"wp","href":"https:\/\/api.w.org\/{rel}","templated":true}]}}