{"id":876,"date":"2018-08-31T16:58:11","date_gmt":"2018-08-31T19:58:11","guid":{"rendered":"https:\/\/ensalberdi-tuc.infd.edu.ar\/sitio\/directivos-regente-y-consejo-consultivo\/"},"modified":"2025-07-04T19:30:45","modified_gmt":"2025-07-04T22:30:45","slug":"directivos-regente-y-consejo-consultivo","status":"publish","type":"page","link":"https:\/\/ensalberdi-tuc.infd.edu.ar\/sitio\/directivos-regente-y-consejo-consultivo\/","title":{"rendered":"Regente y Consejo Consultivo"},"content":{"rendered":"\n<p><strong><u><span style=\"font-size: 10.0pt; color: #333333;\">REGENTE<\/span><\/u><\/strong><strong><span style=\"font-size: 10.0pt; font-family: 'Verdana','sans-serif';\">: Profesora Paola Jim\u00e9nez Mones<\/span><\/strong><\/p>\n\n\n\n<p><strong><u><span style=\"font-size: 10.0pt; color: #333333;\">COORDINADORES-CONSEJO CONSULTIVO<\/span><\/u><\/strong><\/p>\n\n\n\n<ul>\n<li><span style=\"font-size: 10.0pt;\">Profesorado de Inicial: Prof. Estela Raquel Alcaide<\/span><\/li>\n\n\n\n<li><span style=\"font-size: 10.0pt;\">Profesorado de Primaria: Prof. Ana Cecilia Palacios <\/span><\/li>\n\n\n\n<li><span style=\"font-size: 10.0pt; color: #333333;\">Profesorado de Biolog\u00eda: Prof. Marcos Guardia <\/span><\/li>\n\n\n\n<li><span style=\"font-size: 10.0pt; color: #333333;\">Profesorado de&nbsp;<\/span><span style=\"font-size: 10.0pt;\">Portugu\u00e9s: Prof. Jos\u00e9 Esteban Choque<\/span><\/li>\n\n\n\n<li><span style=\"font-size: 10.0pt;\">Profesorado de Geograf\u00eda: Prof. F\u00e1tima Figueroa Su\u00e1rez<\/span><\/li>\n<\/ul>\n\n\n\n<p><\/p>\n","protected":false},"excerpt":{"rendered":"<p>REGENTE: Profesora Paola Jim\u00e9nez Mones COORDINADORES-CONSEJO CONSULTIVO<\/p>\n","protected":false},"author":800,"featured_media":0,"parent":0,"menu_order":0,"comment_status":"closed","ping_status":"closed","template":"","meta":[],"acf":[],"_links":{"self":[{"href":"https:\/\/ensalberdi-tuc.infd.edu.ar\/sitio\/wp-json\/wp\/v2\/pages\/876"}],"collection":[{"href":"https:\/\/ensalberdi-tuc.infd.edu.ar\/sitio\/wp-json\/wp\/v2\/pages"}],"about":[{"href":"https:\/\/ensalberdi-tuc.infd.edu.ar\/sitio\/wp-json\/wp\/v2\/types\/page"}],"author":[{"embeddable":true,"href":"https:\/\/ensalberdi-tuc.infd.edu.ar\/sitio\/wp-json\/wp\/v2\/users\/800"}],"replies":[{"embeddable":true,"href":"https:\/\/ensalberdi-tuc.infd.edu.ar\/sitio\/wp-json\/wp\/v2\/comments?post=876"}],"version-history":[{"count":9,"href":"https:\/\/ensalberdi-tuc.infd.edu.ar\/sitio\/wp-json\/wp\/v2\/pages\/876\/revisions"}],"predecessor-version":[{"id":3499,"href":"https:\/\/ensalberdi-tuc.infd.edu.ar\/sitio\/wp-json\/wp\/v2\/pages\/876\/revisions\/3499"}],"wp:attachment":[{"href":"https:\/\/ensalberdi-tuc.infd.edu.ar\/sitio\/wp-json\/wp\/v2\/media?parent=876"}],"curies":[{"name":"wp","href":"https:\/\/api.w.org\/{rel}","templated":true}]}}