{"id":868,"date":"2018-08-31T16:58:08","date_gmt":"2018-08-31T19:58:08","guid":{"rendered":"https:\/\/ensalberdi-tuc.infd.edu.ar\/sitio\/historia\/"},"modified":"2018-11-30T15:06:53","modified_gmt":"2018-11-30T18:06:53","slug":"historia","status":"publish","type":"page","link":"https:\/\/ensalberdi-tuc.infd.edu.ar\/sitio\/historia\/","title":{"rendered":"Historia"},"content":{"rendered":"<p style=\"text-align: justify;\"><span style=\"font-family: verdana, geneva; font-size: 10pt;\">La creaci\u00f3n de las Escuelas Normales en el pa\u00eds,\u00a0fue\u00a0consecuencia directa del prop\u00f3sito de profundo mejoramiento educativo que animaba a las presidencias de Domingo Faustino Sarmiento primero y Nicol\u00e1s Avellaneda despu\u00e9s. Puesto que empezaban a fundarse cada vez m\u00e1s establecimientos de instrucci\u00f3n secundaria (la anterior presidencia. de Bartolom\u00e9 Mitre, hab\u00eda planteado ya numerosos colegios nacionales), el problema era obtener los profesores id\u00f3neos, que no los hab\u00eda&#8230;<\/span><\/p>\n<p style=\"text-align: justify;\"><span style=\"font-family: verdana, geneva; font-size: 10pt;\">La provincia de Tucum\u00e1n hab\u00eda carecido de establecimientos cuya ense\u00f1anza excediera el nivel primario hasta 1858 cuando Amadeo Jacques instal\u00f3 el Colegio San Miguel. Cerrado \u00e9ste por alejamiento de su desilusionado director en 1862, al a\u00f1o siguiente la presidencia Mitre fund\u00f3 el Colegio Nacional, que abri\u00f3 sus puertas en 1865.<\/span><\/p>\n<p><span style=\"font-family: verdana, geneva; font-size: 10pt;\">El 01\/10\/1869 el Congreso de la Naci\u00f3n sancionaba la ley que dio origen a la Escuela Normal de Tucum\u00e1n en la misma se autorizaba al poder ejecutivo \u201cverificar los gastos que demanden la plantaci\u00f3n (sic)\u00a0de\u00a0dos escuelas normales, para formar preceptores de instrucci\u00f3n primaria\u201d: una en el Paran\u00e1 y otra en Tucum\u00e1n.\u00a0La de Paran\u00e1 se instal\u00f3 en 1871.<\/span><\/p>\n<p style=\"text-align: justify;\"><span style=\"font-family: verdana, geneva; font-size: 10pt;\">En Tucum\u00e1n fue necesaria que la provincia facilitara a la Naci\u00f3n el local. En principio se pens\u00f3 en la casa donde se jur\u00f3 la Independencia, dejando a salvo el Sal\u00f3n adonde se jur\u00f3 el hecho hist\u00f3rico. Pero ocurri\u00f3 que ese a\u00f1o la Municipalidad dispuso donar a la Naci\u00f3n una casa de su propiedad que estaba en la actual calle Mendoza, antes llamada Rivadavia .Esta casa originalmente hab\u00eda sido donada por Bernab\u00e9 Piedrabuena para Mercado P\u00fablico. Como nunca se hizo el mercado se indemniz\u00f3 a Piedrabuena y se construy\u00f3 una escuela primaria llamada \u201cAvellaneda\u201d. Como no estaba en condiciones hubo numerosos arreglos hasta 1875.<\/span><\/p>\n<p style=\"text-align: justify;\"><span style=\"font-family: verdana, geneva; font-size: 10pt;\">El gobierno nacional design\u00f3 como director de la Normal al profesor norteamericano John William Stearns, era hermano del director de la Escuela Normal del Paran\u00e1 y el vice era Delf\u00edn Jijena.<\/span><\/p>\n<p style=\"text-align: justify;\"><span style=\"font-family: verdana, geneva; font-size: 10pt;\">La escuela se divide en dos departamentos: 1) Curso Normal; 2) Escuela de Aplicaci\u00f3n. La ense\u00f1anza era gratuita y comprend\u00eda el derecho a los libros y \u00fatiles indispensables.<\/span><\/p>\n<p style=\"text-align: justify;\"><span style=\"font-family: verdana, geneva; font-size: 10pt;\">Para ingresar se requer\u00eda tener 16 a\u00f1os cumplidos. Los becados deb\u00edan al t\u00e9rmino de la graduaci\u00f3n dedicarse durante 2 a\u00f1os a la ense\u00f1anza p\u00fablica. Si se faltaba a ese compromiso, dejaba los estudios sin causa justificada, era expulsado por mala conducta, etc. Se deb\u00eda devolver el $ al Tesoro Nacional.<\/span><\/p>\n<p style=\"text-align: justify;\"><span style=\"font-family: verdana, geneva; font-size: 10pt;\"><span style=\"color: #3366ff;\">LA INSTITUCI\u00d3N SE INAUGURO EL 25\/05\/1875,<\/span>\u00a0Hubo un Tedeum en la Catedral presidido por el gobernador Belisario L\u00f3pez al que asistieron 2500 personas. Muy desde el comienzo el gobierno provincial aprovech\u00f3 a la Escuela Normal para disponer que los maestros y auxiliares de las escuelas provinciales deb\u00edan concurrir por turno trimestral y con goce de sueldos a recibir instrucci\u00f3n pedag\u00f3gica en la Escuela Normal como perfeccionamiento. Los primeros egresados se recibieron en diciembre de 1876.<\/span><\/p>\n<p><span style=\"font-family: verdana, geneva; font-size: 10pt;\">\u00a0<\/span><span style=\"font-family: verdana, geneva; font-size: 10pt;\"><strong><span style=\"text-decoration: underline;\">Las docentes norteamericanas\u00a0<\/span><\/strong><\/span><\/p>\n<p style=\"text-align: left;\"><span style=\"font-family: verdana, geneva; font-size: 10pt;\">La 1\u00aa escuela tuvo como docentes a Sarah M. Boyd , norteamericana (1843- 1919) que hablaba correcto el castellano ; ella hab\u00eda estado en C\u00f3rdoba como institutriz .Estuvo unos meses en Tucum\u00e1n y luego parti\u00f3 para organizar un establecimiento primario en Concepci\u00f3n del Uruguay y m\u00e1s tarde organiz\u00f3 la Escuela Normal de Mendoza .Luego volver\u00eda a su pa\u00eds para seguir ense\u00f1ando y casarse en 1883.<\/span><\/p>\n<p style=\"text-align: left;\"><span style=\"font-family: verdana, geneva; font-size: 10pt;\">Otra norteamericana: Mary Elizabeth Conwy, nacida en Irlanda en 1844, vino a Argentina desde 1877 y muri\u00f3 en Buenos Aires en 1903.<\/span><\/p>\n<p style=\"text-align: left;\"><span style=\"font-family: verdana, geneva; font-size: 10pt;\">Otra fue Agnes Emma Tregent (1834-1879) lleg\u00f3 en 1870 para encargarse de abrir una escuela que la epidemia de fiebre amarilla demor\u00f3 mucho m\u00e1s de lo previsto. Estuvo a cargo de dos establecimientos porte\u00f1os y recibi\u00f3 el elogio del presidente Nicol\u00e1s Avellaneda.<\/span><\/p>\n<p style=\"text-align: center;\">\u00a0 \u00a0 \u00a0<img decoding=\"async\" loading=\"lazy\" class=\"aligncenter\" title=\"logo\" src=\"https:\/\/ensalberdi-tuc.infd.edu.ar\/sitio\/wp-content\/uploads\/2018\/08\/logo_normal_Resolucion_de_Escritorio.jpg\" alt=\"logo\" width=\"215\" height=\"238\" border=\"0\" \/><\/p>\n","protected":false},"excerpt":{"rendered":"<p>La creaci\u00f3n de las Escuelas Normales en el pa\u00eds,\u00a0fue\u00a0consecuencia directa del prop\u00f3sito de profundo mejoramiento educativo que animaba a las presidencias de Domingo Faustino Sarmiento primero y Nicol\u00e1s Avellaneda despu\u00e9s. Puesto que empezaban a fundarse cada vez m\u00e1s establecimientos de instrucci\u00f3n secundaria (la anterior presidencia. de Bartolom\u00e9 Mitre, hab\u00eda planteado ya numerosos colegios nacionales), el &#8230; <a title=\"Historia\" class=\"read-more\" href=\"https:\/\/ensalberdi-tuc.infd.edu.ar\/sitio\/historia\/\" aria-label=\"More on Historia\">[+]<\/a><\/p>\n","protected":false},"author":800,"featured_media":1509,"parent":0,"menu_order":0,"comment_status":"closed","ping_status":"closed","template":"","meta":[],"acf":[],"_links":{"self":[{"href":"https:\/\/ensalberdi-tuc.infd.edu.ar\/sitio\/wp-json\/wp\/v2\/pages\/868"}],"collection":[{"href":"https:\/\/ensalberdi-tuc.infd.edu.ar\/sitio\/wp-json\/wp\/v2\/pages"}],"about":[{"href":"https:\/\/ensalberdi-tuc.infd.edu.ar\/sitio\/wp-json\/wp\/v2\/types\/page"}],"author":[{"embeddable":true,"href":"https:\/\/ensalberdi-tuc.infd.edu.ar\/sitio\/wp-json\/wp\/v2\/users\/800"}],"replies":[{"embeddable":true,"href":"https:\/\/ensalberdi-tuc.infd.edu.ar\/sitio\/wp-json\/wp\/v2\/comments?post=868"}],"version-history":[{"count":2,"href":"https:\/\/ensalberdi-tuc.infd.edu.ar\/sitio\/wp-json\/wp\/v2\/pages\/868\/revisions"}],"predecessor-version":[{"id":1512,"href":"https:\/\/ensalberdi-tuc.infd.edu.ar\/sitio\/wp-json\/wp\/v2\/pages\/868\/revisions\/1512"}],"wp:featuredmedia":[{"embeddable":true,"href":"https:\/\/ensalberdi-tuc.infd.edu.ar\/sitio\/wp-json\/wp\/v2\/media\/1509"}],"wp:attachment":[{"href":"https:\/\/ensalberdi-tuc.infd.edu.ar\/sitio\/wp-json\/wp\/v2\/media?parent=868"}],"curies":[{"name":"wp","href":"https:\/\/api.w.org\/{rel}","templated":true}]}}