{"id":859,"date":"2018-08-31T16:58:05","date_gmt":"2018-08-31T19:58:05","guid":{"rendered":"https:\/\/ensalberdi-tuc.infd.edu.ar\/sitio\/carreras-nivel-superior\/"},"modified":"2020-05-05T14:06:29","modified_gmt":"2020-05-05T17:06:29","slug":"carreras-nivel-superior","status":"publish","type":"page","link":"https:\/\/ensalberdi-tuc.infd.edu.ar\/sitio\/carreras-nivel-superior\/","title":{"rendered":"Carreras Nivel Superior"},"content":{"rendered":"<p>Estimados j\u00f3venes: han elegido para su futuro una profesi\u00f3n noble y delicada ya que en sus manos estar\u00e1 la misi\u00f3n de formar a las generaciones futuras. Es nuestra obligaci\u00f3n como instituci\u00f3n coayudar en su formaci\u00f3n y brindar los espacios, recursos y tiempos institucionales para concretar el proyecto personal y profesional de elecci\u00f3n de carrera docente. Esta instituci\u00f3n plantea en acuerdo con definiciones jurisdiccionales un sistema de puesta en valor de la formaci\u00f3n adquirida por ustedes en la educaci\u00f3n secundaria. En virtud de lo expresado garantizamos desarrollar en nuestros alumnos un perfil profesional emprendedor, impulsor de cambios y mejoras a trav\u00e9s del desarrollo de habilidades y competencias de gesti\u00f3n, desde el saber ser al saber hacer en todos sus procesos educativos<\/p>\n","protected":false},"excerpt":{"rendered":"<p>Estimados j\u00f3venes: han elegido para su futuro una profesi\u00f3n noble y delicada ya que en sus manos estar\u00e1 la misi\u00f3n de formar a las generaciones futuras. Es nuestra obligaci\u00f3n como instituci\u00f3n coayudar en su formaci\u00f3n y brindar los espacios, recursos y tiempos institucionales para concretar el proyecto personal y profesional de elecci\u00f3n de carrera docente. &#8230; <a title=\"Carreras Nivel Superior\" class=\"read-more\" href=\"https:\/\/ensalberdi-tuc.infd.edu.ar\/sitio\/carreras-nivel-superior\/\" aria-label=\"More on Carreras Nivel Superior\">[+]<\/a><\/p>\n","protected":false},"author":800,"featured_media":1404,"parent":0,"menu_order":0,"comment_status":"closed","ping_status":"closed","template":"","meta":[],"acf":[],"_links":{"self":[{"href":"https:\/\/ensalberdi-tuc.infd.edu.ar\/sitio\/wp-json\/wp\/v2\/pages\/859"}],"collection":[{"href":"https:\/\/ensalberdi-tuc.infd.edu.ar\/sitio\/wp-json\/wp\/v2\/pages"}],"about":[{"href":"https:\/\/ensalberdi-tuc.infd.edu.ar\/sitio\/wp-json\/wp\/v2\/types\/page"}],"author":[{"embeddable":true,"href":"https:\/\/ensalberdi-tuc.infd.edu.ar\/sitio\/wp-json\/wp\/v2\/users\/800"}],"replies":[{"embeddable":true,"href":"https:\/\/ensalberdi-tuc.infd.edu.ar\/sitio\/wp-json\/wp\/v2\/comments?post=859"}],"version-history":[{"count":6,"href":"https:\/\/ensalberdi-tuc.infd.edu.ar\/sitio\/wp-json\/wp\/v2\/pages\/859\/revisions"}],"predecessor-version":[{"id":1927,"href":"https:\/\/ensalberdi-tuc.infd.edu.ar\/sitio\/wp-json\/wp\/v2\/pages\/859\/revisions\/1927"}],"wp:featuredmedia":[{"embeddable":true,"href":"https:\/\/ensalberdi-tuc.infd.edu.ar\/sitio\/wp-json\/wp\/v2\/media\/1404"}],"wp:attachment":[{"href":"https:\/\/ensalberdi-tuc.infd.edu.ar\/sitio\/wp-json\/wp\/v2\/media?parent=859"}],"curies":[{"name":"wp","href":"https:\/\/api.w.org\/{rel}","templated":true}]}}