{"id":3693,"date":"2026-03-31T08:33:27","date_gmt":"2026-03-31T11:33:27","guid":{"rendered":"https:\/\/ensalberdi-tuc.infd.edu.ar\/sitio\/?page_id=3693"},"modified":"2026-03-31T08:33:28","modified_gmt":"2026-03-31T11:33:28","slug":"inscripcion-a-las-mesas-de-abril","status":"publish","type":"page","link":"https:\/\/ensalberdi-tuc.infd.edu.ar\/sitio\/inscripcion-a-las-mesas-de-abril\/","title":{"rendered":"Inscripci\u00f3n a las mesas de abril"},"content":{"rendered":"\n<p><strong>Los alumnos interesados en rendir en las mesas de abril deber\u00e1n cumplir con el requisito de inscripci\u00f3n los d\u00edas mi\u00e9rcoles1 y lunes 5 de abril.<\/strong><\/p>\n\n\n\n<p><strong>Las mesas se desarrollar\u00e1n desde el 13 al 24 de abril<\/strong>.<\/p>\n","protected":false},"excerpt":{"rendered":"<p>Los alumnos interesados en rendir en las mesas de abril deber\u00e1n cumplir con el requisito de inscripci\u00f3n los d\u00edas mi\u00e9rcoles1 y lunes 5 de abril. Las mesas se desarrollar\u00e1n desde el 13 al 24 de abril.<\/p>\n","protected":false},"author":55,"featured_media":0,"parent":0,"menu_order":0,"comment_status":"closed","ping_status":"closed","template":"","meta":[],"acf":[],"_links":{"self":[{"href":"https:\/\/ensalberdi-tuc.infd.edu.ar\/sitio\/wp-json\/wp\/v2\/pages\/3693"}],"collection":[{"href":"https:\/\/ensalberdi-tuc.infd.edu.ar\/sitio\/wp-json\/wp\/v2\/pages"}],"about":[{"href":"https:\/\/ensalberdi-tuc.infd.edu.ar\/sitio\/wp-json\/wp\/v2\/types\/page"}],"author":[{"embeddable":true,"href":"https:\/\/ensalberdi-tuc.infd.edu.ar\/sitio\/wp-json\/wp\/v2\/users\/55"}],"replies":[{"embeddable":true,"href":"https:\/\/ensalberdi-tuc.infd.edu.ar\/sitio\/wp-json\/wp\/v2\/comments?post=3693"}],"version-history":[{"count":2,"href":"https:\/\/ensalberdi-tuc.infd.edu.ar\/sitio\/wp-json\/wp\/v2\/pages\/3693\/revisions"}],"predecessor-version":[{"id":3696,"href":"https:\/\/ensalberdi-tuc.infd.edu.ar\/sitio\/wp-json\/wp\/v2\/pages\/3693\/revisions\/3696"}],"wp:attachment":[{"href":"https:\/\/ensalberdi-tuc.infd.edu.ar\/sitio\/wp-json\/wp\/v2\/media?parent=3693"}],"curies":[{"name":"wp","href":"https:\/\/api.w.org\/{rel}","templated":true}]}}