{"id":3688,"date":"2026-03-29T08:56:38","date_gmt":"2026-03-29T11:56:38","guid":{"rendered":"https:\/\/ensalberdi-tuc.infd.edu.ar\/sitio\/?page_id=3688"},"modified":"2026-03-29T08:56:39","modified_gmt":"2026-03-29T11:56:39","slug":"informacion-para-los-ingresantes","status":"publish","type":"page","link":"https:\/\/ensalberdi-tuc.infd.edu.ar\/sitio\/informacion-para-los-ingresantes\/","title":{"rendered":"Informaci\u00f3n para los ingresantes"},"content":{"rendered":"\n<p><strong>Los estudiantes que aprobaron el examen de ingreso a los profesorados de Geograf\u00eda y Biolog\u00eda deben asistir el lunes 30 para cumplir con el tr\u00e1mite de matriculaci\u00f3n.<\/strong><\/p>\n","protected":false},"excerpt":{"rendered":"<p>Los estudiantes que aprobaron el examen de ingreso a los profesorados de Geograf\u00eda y Biolog\u00eda deben asistir el lunes 30 para cumplir con el tr\u00e1mite de matriculaci\u00f3n.<\/p>\n","protected":false},"author":55,"featured_media":0,"parent":0,"menu_order":0,"comment_status":"closed","ping_status":"closed","template":"","meta":[],"acf":[],"_links":{"self":[{"href":"https:\/\/ensalberdi-tuc.infd.edu.ar\/sitio\/wp-json\/wp\/v2\/pages\/3688"}],"collection":[{"href":"https:\/\/ensalberdi-tuc.infd.edu.ar\/sitio\/wp-json\/wp\/v2\/pages"}],"about":[{"href":"https:\/\/ensalberdi-tuc.infd.edu.ar\/sitio\/wp-json\/wp\/v2\/types\/page"}],"author":[{"embeddable":true,"href":"https:\/\/ensalberdi-tuc.infd.edu.ar\/sitio\/wp-json\/wp\/v2\/users\/55"}],"replies":[{"embeddable":true,"href":"https:\/\/ensalberdi-tuc.infd.edu.ar\/sitio\/wp-json\/wp\/v2\/comments?post=3688"}],"version-history":[{"count":1,"href":"https:\/\/ensalberdi-tuc.infd.edu.ar\/sitio\/wp-json\/wp\/v2\/pages\/3688\/revisions"}],"predecessor-version":[{"id":3689,"href":"https:\/\/ensalberdi-tuc.infd.edu.ar\/sitio\/wp-json\/wp\/v2\/pages\/3688\/revisions\/3689"}],"wp:attachment":[{"href":"https:\/\/ensalberdi-tuc.infd.edu.ar\/sitio\/wp-json\/wp\/v2\/media?parent=3688"}],"curies":[{"name":"wp","href":"https:\/\/api.w.org\/{rel}","templated":true}]}}