{"id":3638,"date":"2026-02-12T20:24:39","date_gmt":"2026-02-12T23:24:39","guid":{"rendered":"https:\/\/ensalberdi-tuc.infd.edu.ar\/sitio\/?page_id=3638"},"modified":"2026-02-12T20:24:40","modified_gmt":"2026-02-12T23:24:40","slug":"formulario-de-preinscripcion-2026","status":"publish","type":"page","link":"https:\/\/ensalberdi-tuc.infd.edu.ar\/sitio\/formulario-de-preinscripcion-2026\/","title":{"rendered":"Formulario de preinscripci\u00f3n 2026"},"content":{"rendered":"\n<p><a href=\"https:\/\/docs.google.com\/forms\/d\/e\/1FAIpQLSdLaqZ5vFfyDgT0FfZ-SEvKYu8C8Wsqsh9EPyywhwU2vLsRGQ\/viewform?usp=header\">https:\/\/docs.google.com\/forms\/d\/e\/1FAIpQLSdLaqZ5vFfyDgT0FfZ-SEvKYu8C8Wsqsh9EPyywhwU2vLsRGQ\/viewform?usp=header<\/a><\/p>\n\n\n\n<p><strong>Nuevamente <\/strong>se <strong>habilita la preinscripci\u00f3n para acceder a la oferta educativa de nuestra Escuela. El formulario permanecer\u00e1 habilitado hasta el pr\u00f3ximo lunes 3 de marzo.<\/strong><\/p>\n","protected":false},"excerpt":{"rendered":"<p>https:\/\/docs.google.com\/forms\/d\/e\/1FAIpQLSdLaqZ5vFfyDgT0FfZ-SEvKYu8C8Wsqsh9EPyywhwU2vLsRGQ\/viewform?usp=header Nuevamente se habilita la preinscripci\u00f3n para acceder a la oferta educativa de nuestra Escuela. El formulario permanecer\u00e1 habilitado hasta el pr\u00f3ximo lunes 3 de marzo.<\/p>\n","protected":false},"author":55,"featured_media":0,"parent":0,"menu_order":0,"comment_status":"closed","ping_status":"closed","template":"","meta":[],"acf":[],"_links":{"self":[{"href":"https:\/\/ensalberdi-tuc.infd.edu.ar\/sitio\/wp-json\/wp\/v2\/pages\/3638"}],"collection":[{"href":"https:\/\/ensalberdi-tuc.infd.edu.ar\/sitio\/wp-json\/wp\/v2\/pages"}],"about":[{"href":"https:\/\/ensalberdi-tuc.infd.edu.ar\/sitio\/wp-json\/wp\/v2\/types\/page"}],"author":[{"embeddable":true,"href":"https:\/\/ensalberdi-tuc.infd.edu.ar\/sitio\/wp-json\/wp\/v2\/users\/55"}],"replies":[{"embeddable":true,"href":"https:\/\/ensalberdi-tuc.infd.edu.ar\/sitio\/wp-json\/wp\/v2\/comments?post=3638"}],"version-history":[{"count":2,"href":"https:\/\/ensalberdi-tuc.infd.edu.ar\/sitio\/wp-json\/wp\/v2\/pages\/3638\/revisions"}],"predecessor-version":[{"id":3640,"href":"https:\/\/ensalberdi-tuc.infd.edu.ar\/sitio\/wp-json\/wp\/v2\/pages\/3638\/revisions\/3640"}],"wp:attachment":[{"href":"https:\/\/ensalberdi-tuc.infd.edu.ar\/sitio\/wp-json\/wp\/v2\/media?parent=3638"}],"curies":[{"name":"wp","href":"https:\/\/api.w.org\/{rel}","templated":true}]}}