{"id":3403,"date":"2025-05-15T21:09:11","date_gmt":"2025-05-16T00:09:11","guid":{"rendered":"https:\/\/ensalberdi-tuc.infd.edu.ar\/sitio\/?page_id=3403"},"modified":"2025-05-15T21:09:13","modified_gmt":"2025-05-16T00:09:13","slug":"informacion-importante-respecto-al-cursado","status":"publish","type":"page","link":"https:\/\/ensalberdi-tuc.infd.edu.ar\/sitio\/informacion-importante-respecto-al-cursado\/","title":{"rendered":"Informaci\u00f3n importante respecto al cursado:"},"content":{"rendered":"\n<p>\u00a0La Direcci\u00f3n de Educaci\u00f3n Superior no Universitaria  comunica  que la\u00a0<strong>Disposici\u00f3n 05\/24 \u00ab<\/strong><em>Pr\u00e1cticas Profesionales de Formaci\u00f3n Docente: Pr\u00e1cticas para el acceso a las Pr\u00e1cticas de Formaci\u00f3n Docente III y IV \u00bb\u00a0<\/em><strong>no se encuentra vigente.\u00a0<\/strong><\/p>\n\n\n\n<p>El marco legal que regula el acceso a las Pr\u00e1cticas Docentes es&nbsp;solo&nbsp;el&nbsp;<strong>&nbsp;ANEXO I y II de la Res. Ministerial 0422\/5 MEd \u00ab<\/strong><em>Condiciones para el cursado de las pr\u00e1cticas profesionales y condiciones para rendir las pr\u00e1cticas profesionales\u00bb,&nbsp;<\/em>respectivamente.&nbsp;<\/p>\n\n\n\n<div class=\"wp-block-file\"><object class=\"wp-block-file__embed\" data=\"https:\/\/ensalberdi-tuc.infd.edu.ar\/sitio\/wp-content\/uploads\/2025\/05\/Circular-N\u00b0-5-DES2.pdf\" type=\"application\/pdf\" style=\"width:100%;height:600px\" aria-label=\"Incrustado de Circular-N\u00b0-5-DES2.\"><\/object><a id=\"wp-block-file--media-a3b7343f-520b-438e-b931-4125276edde1\" href=\"https:\/\/ensalberdi-tuc.infd.edu.ar\/sitio\/wp-content\/uploads\/2025\/05\/Circular-N\u00b0-5-DES2.pdf\">Circular-N\u00b0-5-DES2<\/a><a href=\"https:\/\/ensalberdi-tuc.infd.edu.ar\/sitio\/wp-content\/uploads\/2025\/05\/Circular-N\u00b0-5-DES2.pdf\" class=\"wp-block-file__button wp-element-button\" download aria-describedby=\"wp-block-file--media-a3b7343f-520b-438e-b931-4125276edde1\">Descarga<\/a><\/div>\n\n\n\n<div class=\"wp-block-file\"><object class=\"wp-block-file__embed\" data=\"https:\/\/ensalberdi-tuc.infd.edu.ar\/sitio\/wp-content\/uploads\/2025\/05\/0422-MED-23-Condiciones-para-cursar-y-rendir-2023-1.pdf\" type=\"application\/pdf\" style=\"width:100%;height:600px\" aria-label=\"Incrustado de 0422-MED-23-Condiciones-para-cursar-y-rendir-2023-1.\"><\/object><a id=\"wp-block-file--media-1cb81b7a-f7ec-4729-aa60-a95faf659536\" href=\"https:\/\/ensalberdi-tuc.infd.edu.ar\/sitio\/wp-content\/uploads\/2025\/05\/0422-MED-23-Condiciones-para-cursar-y-rendir-2023-1.pdf\">0422-MED-23-Condiciones-para-cursar-y-rendir-2023-1<\/a><a href=\"https:\/\/ensalberdi-tuc.infd.edu.ar\/sitio\/wp-content\/uploads\/2025\/05\/0422-MED-23-Condiciones-para-cursar-y-rendir-2023-1.pdf\" class=\"wp-block-file__button wp-element-button\" download aria-describedby=\"wp-block-file--media-1cb81b7a-f7ec-4729-aa60-a95faf659536\">Descarga<\/a><\/div>\n","protected":false},"excerpt":{"rendered":"<p>\u00a0La Direcci\u00f3n de Educaci\u00f3n Superior no Universitaria comunica que la\u00a0Disposici\u00f3n 05\/24 \u00abPr\u00e1cticas Profesionales de Formaci\u00f3n Docente: Pr\u00e1cticas para el acceso a las Pr\u00e1cticas de Formaci\u00f3n Docente III y IV \u00bb\u00a0no se encuentra vigente.\u00a0 El marco legal que regula el acceso a las Pr\u00e1cticas Docentes es&nbsp;solo&nbsp;el&nbsp;&nbsp;ANEXO I y II de la Res. Ministerial 0422\/5 MEd \u00abCondiciones &#8230; <a title=\"Informaci\u00f3n importante respecto al cursado:\" class=\"read-more\" href=\"https:\/\/ensalberdi-tuc.infd.edu.ar\/sitio\/informacion-importante-respecto-al-cursado\/\" aria-label=\"More on Informaci\u00f3n importante respecto al cursado:\">[+]<\/a><\/p>\n","protected":false},"author":55,"featured_media":0,"parent":0,"menu_order":0,"comment_status":"closed","ping_status":"closed","template":"","meta":[],"acf":[],"_links":{"self":[{"href":"https:\/\/ensalberdi-tuc.infd.edu.ar\/sitio\/wp-json\/wp\/v2\/pages\/3403"}],"collection":[{"href":"https:\/\/ensalberdi-tuc.infd.edu.ar\/sitio\/wp-json\/wp\/v2\/pages"}],"about":[{"href":"https:\/\/ensalberdi-tuc.infd.edu.ar\/sitio\/wp-json\/wp\/v2\/types\/page"}],"author":[{"embeddable":true,"href":"https:\/\/ensalberdi-tuc.infd.edu.ar\/sitio\/wp-json\/wp\/v2\/users\/55"}],"replies":[{"embeddable":true,"href":"https:\/\/ensalberdi-tuc.infd.edu.ar\/sitio\/wp-json\/wp\/v2\/comments?post=3403"}],"version-history":[{"count":1,"href":"https:\/\/ensalberdi-tuc.infd.edu.ar\/sitio\/wp-json\/wp\/v2\/pages\/3403\/revisions"}],"predecessor-version":[{"id":3407,"href":"https:\/\/ensalberdi-tuc.infd.edu.ar\/sitio\/wp-json\/wp\/v2\/pages\/3403\/revisions\/3407"}],"wp:attachment":[{"href":"https:\/\/ensalberdi-tuc.infd.edu.ar\/sitio\/wp-json\/wp\/v2\/media?parent=3403"}],"curies":[{"name":"wp","href":"https:\/\/api.w.org\/{rel}","templated":true}]}}