{"id":3214,"date":"2024-11-11T20:01:12","date_gmt":"2024-11-11T23:01:12","guid":{"rendered":"https:\/\/ensalberdi-tuc.infd.edu.ar\/sitio\/?page_id=3214"},"modified":"2024-11-11T20:01:14","modified_gmt":"2024-11-11T23:01:14","slug":"formularios-para-inscripcion-a-examenes-finales","status":"publish","type":"page","link":"https:\/\/ensalberdi-tuc.infd.edu.ar\/sitio\/formularios-para-inscripcion-a-examenes-finales\/","title":{"rendered":"Formularios para inscripci\u00f3n a ex\u00e1menes finales"},"content":{"rendered":"\n<p>En este espacio se encuentran publicados todos los formularios correspondientes a las distintas carreras de nuestra Instituci\u00f3n. Al momento de imprimir se deber\u00e1 seleccionar solo aquel archivo del inter\u00e9s del estudiante. <\/p>\n\n\n\n<div class=\"wp-block-file\"><object class=\"wp-block-file__embed\" data=\"https:\/\/ensalberdi-tuc.infd.edu.ar\/sitio\/wp-content\/uploads\/2024\/11\/inscri-10.pdf\" type=\"application\/pdf\" style=\"width:100%;height:600px\" aria-label=\"Incrustado de inscri-10.\"><\/object><a id=\"wp-block-file--media-98336bee-b8c2-4175-adbd-bd63eb34cb8f\" href=\"https:\/\/ensalberdi-tuc.infd.edu.ar\/sitio\/wp-content\/uploads\/2024\/11\/inscri-10.pdf\">inscri-10<\/a><a href=\"https:\/\/ensalberdi-tuc.infd.edu.ar\/sitio\/wp-content\/uploads\/2024\/11\/inscri-10.pdf\" class=\"wp-block-file__button wp-element-button\" download aria-describedby=\"wp-block-file--media-98336bee-b8c2-4175-adbd-bd63eb34cb8f\">Descarga<\/a><\/div>\n","protected":false},"excerpt":{"rendered":"<p>En este espacio se encuentran publicados todos los formularios correspondientes a las distintas carreras de nuestra Instituci\u00f3n. Al momento de imprimir se deber\u00e1 seleccionar solo aquel archivo del inter\u00e9s del estudiante.<\/p>\n","protected":false},"author":55,"featured_media":0,"parent":0,"menu_order":0,"comment_status":"closed","ping_status":"closed","template":"","meta":[],"acf":[],"_links":{"self":[{"href":"https:\/\/ensalberdi-tuc.infd.edu.ar\/sitio\/wp-json\/wp\/v2\/pages\/3214"}],"collection":[{"href":"https:\/\/ensalberdi-tuc.infd.edu.ar\/sitio\/wp-json\/wp\/v2\/pages"}],"about":[{"href":"https:\/\/ensalberdi-tuc.infd.edu.ar\/sitio\/wp-json\/wp\/v2\/types\/page"}],"author":[{"embeddable":true,"href":"https:\/\/ensalberdi-tuc.infd.edu.ar\/sitio\/wp-json\/wp\/v2\/users\/55"}],"replies":[{"embeddable":true,"href":"https:\/\/ensalberdi-tuc.infd.edu.ar\/sitio\/wp-json\/wp\/v2\/comments?post=3214"}],"version-history":[{"count":1,"href":"https:\/\/ensalberdi-tuc.infd.edu.ar\/sitio\/wp-json\/wp\/v2\/pages\/3214\/revisions"}],"predecessor-version":[{"id":3216,"href":"https:\/\/ensalberdi-tuc.infd.edu.ar\/sitio\/wp-json\/wp\/v2\/pages\/3214\/revisions\/3216"}],"wp:attachment":[{"href":"https:\/\/ensalberdi-tuc.infd.edu.ar\/sitio\/wp-json\/wp\/v2\/media?parent=3214"}],"curies":[{"name":"wp","href":"https:\/\/api.w.org\/{rel}","templated":true}]}}